{"id":4520,"date":"2024-06-25T18:36:48","date_gmt":"2024-06-25T18:36:48","guid":{"rendered":"https:\/\/extassisnetwork.com\/es-ve\/?page_id=4520"},"modified":"2025-11-11T03:42:16","modified_gmt":"2025-11-11T07:42:16","slug":"generar-reproductor","status":"publish","type":"page","link":"https:\/\/extassisnetwork.com\/es-ve\/generar-reproductor\/","title":{"rendered":"Generar Reproductor HTML5"},"content":{"rendered":"\t\t<div data-elementor-type=\"wp-page\" data-elementor-id=\"4520\" class=\"elementor elementor-4520\" data-elementor-post-type=\"page\">\n\t\t\t\t<div class=\"elementor-element elementor-element-5e966f4 e-flex e-con-boxed e-con e-parent\" data-id=\"5e966f4\" data-element_type=\"container\" data-settings=\"{&quot;background_background&quot;:&quot;classic&quot;}\">\n\t\t\t\t\t<div class=\"e-con-inner\">\n\t\t\t\t<div class=\"elementor-element elementor-element-8952ac1 elementor-widget elementor-widget-heading\" data-id=\"8952ac1\" data-element_type=\"widget\" data-widget_type=\"heading.default\">\n\t\t\t\t<div class=\"elementor-widget-container\">\n\t\t\t\t\t<h1 class=\"elementor-heading-title elementor-size-default\">GENERADOR REPRODUCTORES HTML5 PARA SHOUTCAST \/ ICECAST, MP3 Y AAC<\/h1>\t\t\t\t<\/div>\n\t\t\t\t<\/div>\n\t\t\t\t<div class=\"elementor-element elementor-element-50cdf3b elementor-widget-divider--separator-type-pattern elementor-widget-divider--view-line elementor-widget elementor-widget-divider\" data-id=\"50cdf3b\" data-element_type=\"widget\" data-settings=\"{&quot;_animation&quot;:&quot;none&quot;}\" data-widget_type=\"divider.default\">\n\t\t\t\t<div class=\"elementor-widget-container\">\n\t\t\t\t\t\t\t<div class=\"elementor-divider\" style=\"--divider-pattern-url: url(&quot;data:image\/svg+xml,%3Csvg xmlns=&#039;http:\/\/www.w3.org\/2000\/svg&#039; preserveAspectRatio=&#039;none&#039; overflow=&#039;visible&#039; height=&#039;100%&#039; viewBox=&#039;0 0 24 24&#039; fill=&#039;none&#039; stroke=&#039;black&#039; stroke-width=&#039;2.3&#039; stroke-linecap=&#039;square&#039; stroke-miterlimit=&#039;10&#039;%3E%3Cpath d=&#039;M0,6c6,0,0.9,11.1,6.9,11.1S18,6,24,6&#039;\/%3E%3C\/svg%3E&quot;);\">\n\t\t\t<span class=\"elementor-divider-separator\">\n\t\t\t\t\t\t<\/span>\n\t\t<\/div>\n\t\t\t\t\t\t<\/div>\n\t\t\t\t<\/div>\n\t\t\t\t<div class=\"elementor-element elementor-element-04ecd7f elementor-widget elementor-widget-text-editor\" data-id=\"04ecd7f\" data-element_type=\"widget\" data-widget_type=\"text-editor.default\">\n\t\t\t\t<div class=\"elementor-widget-container\">\n\t\t\t\t\t\t\t\t\t<p>Reproductor de Audio Streaming para Radios AM, FM y Radios OnLine<\/p>\t\t\t\t\t\t\t\t<\/div>\n\t\t\t\t<\/div>\n\t\t\t\t\t<\/div>\n\t\t\t\t<\/div>\n\t\t<div class=\"elementor-element elementor-element-cfa23b0 e-flex e-con-boxed e-con e-parent\" data-id=\"cfa23b0\" data-element_type=\"container\">\n\t\t\t\t\t<div class=\"e-con-inner\">\n\t\t\t\t<div class=\"elementor-element elementor-element-5d3f211 elementor-widget elementor-widget-image\" data-id=\"5d3f211\" data-element_type=\"widget\" data-widget_type=\"image.default\">\n\t\t\t\t<div class=\"elementor-widget-container\">\n\t\t\t\t\t\t\t\t\t\t\t\t\t\t\t<img decoding=\"async\" width=\"150\" height=\"150\" data-src=\"https:\/\/extassisnetwork.com\/es-ve\/archivos\/HTML5-Players-150x150.png\" class=\"attachment-thumbnail size-thumbnail wp-image-5826 lazyload\" alt=\"Generar Reproductor HTML5\" data-srcset=\"https:\/\/extassisnetwork.com\/es-ve\/archivos\/HTML5-Players-150x150.png 150w, https:\/\/extassisnetwork.com\/es-ve\/archivos\/HTML5-Players-300x300.png 300w, https:\/\/extassisnetwork.com\/es-ve\/archivos\/HTML5-Players-768x768.png 768w, https:\/\/extassisnetwork.com\/es-ve\/archivos\/HTML5-Players-860x860.png 860w, https:\/\/extassisnetwork.com\/es-ve\/archivos\/HTML5-Players.png 1024w\" data-sizes=\"(max-width: 150px) 100vw, 150px\" title=\"\" src=\"data:image\/gif;base64,R0lGODlhAQABAAAAACH5BAEKAAEALAAAAAABAAEAAAICTAEAOw==\" style=\"--smush-placeholder-width: 150px; --smush-placeholder-aspect-ratio: 150\/150;\"><noscript><img decoding=\"async\" width=\"150\" height=\"150\" src=\"https:\/\/extassisnetwork.com\/es-ve\/archivos\/HTML5-Players-150x150.png\" class=\"attachment-thumbnail size-thumbnail wp-image-5826\" alt=\"Generar Reproductor HTML5\" srcset=\"https:\/\/extassisnetwork.com\/es-ve\/archivos\/HTML5-Players-150x150.png 150w, https:\/\/extassisnetwork.com\/es-ve\/archivos\/HTML5-Players-300x300.png 300w, https:\/\/extassisnetwork.com\/es-ve\/archivos\/HTML5-Players-768x768.png 768w, https:\/\/extassisnetwork.com\/es-ve\/archivos\/HTML5-Players-860x860.png 860w, https:\/\/extassisnetwork.com\/es-ve\/archivos\/HTML5-Players.png 1024w\" sizes=\"(max-width: 150px) 100vw, 150px\" title=\"\"><\/noscript>\t\t\t\t\t\t\t\t\t\t\t\t\t\t\t<\/div>\n\t\t\t\t<\/div>\n\t\t\t\t<div class=\"elementor-element elementor-element-8a955fc elementor-widget elementor-widget-spacer\" data-id=\"8a955fc\" data-element_type=\"widget\" data-widget_type=\"spacer.default\">\n\t\t\t\t<div class=\"elementor-widget-container\">\n\t\t\t\t\t\t\t<div class=\"elementor-spacer\">\n\t\t\t<div class=\"elementor-spacer-inner\"><\/div>\n\t\t<\/div>\n\t\t\t\t\t\t<\/div>\n\t\t\t\t<\/div>\n\t\t\t\t<div class=\"elementor-element elementor-element-c17c85c elementor-widget elementor-widget-foxiz-heading\" data-id=\"c17c85c\" data-element_type=\"widget\" data-widget_type=\"foxiz-heading.default\">\n\t\t\t\t<div class=\"elementor-widget-container\">\n\t\t\t\t\t<div id=\"uid_c17c85c\" class=\"block-h heading-layout-c2\"><div class=\"heading-inner\"><h2 class=\"heading-title\"><span>HTML5 AUDIO PLAYER<\/span><\/h2><\/div><\/div>\t\t\t\t<\/div>\n\t\t\t\t<\/div>\n\t\t\t\t<div class=\"elementor-element elementor-element-b2e25eb elementor-widget elementor-widget-text-editor\" data-id=\"b2e25eb\" data-element_type=\"widget\" data-widget_type=\"text-editor.default\">\n\t\t\t\t<div class=\"elementor-widget-container\">\n\t\t\t\t\t\t\t\t\tGenerador Player HTML5 para ShoutCast, IceCast,  MP3 \u2013 AAC \u2013 ACCv2, OGG\t\t\t\t\t\t\t\t<\/div>\n\t\t\t\t<\/div>\n\t\t\t\t<div class=\"elementor-element elementor-element-fc118b9 elementor-widget-divider--separator-type-pattern elementor-widget-divider--view-line elementor-widget elementor-widget-divider\" data-id=\"fc118b9\" data-element_type=\"widget\" data-widget_type=\"divider.default\">\n\t\t\t\t<div class=\"elementor-widget-container\">\n\t\t\t\t\t\t\t<div class=\"elementor-divider\" style=\"--divider-pattern-url: url(&quot;data:image\/svg+xml,%3Csvg xmlns=&#039;http:\/\/www.w3.org\/2000\/svg&#039; preserveAspectRatio=&#039;none&#039; overflow=&#039;visible&#039; height=&#039;100%&#039; viewBox=&#039;0 0 24 24&#039; fill=&#039;none&#039; stroke=&#039;black&#039; stroke-width=&#039;2&#039; stroke-linecap=&#039;square&#039; stroke-miterlimit=&#039;10&#039;%3E%3Cpath d=&#039;M0,6c6,0,0.9,11.1,6.9,11.1S18,6,24,6&#039;\/%3E%3C\/svg%3E&quot;);\">\n\t\t\t<span class=\"elementor-divider-separator\">\n\t\t\t\t\t\t<\/span>\n\t\t<\/div>\n\t\t\t\t\t\t<\/div>\n\t\t\t\t<\/div>\n\t\t\t\t<div class=\"elementor-element elementor-element-788c9e6 elementor-widget elementor-widget-foxiz-heading\" data-id=\"788c9e6\" data-element_type=\"widget\" data-widget_type=\"foxiz-heading.default\">\n\t\t\t\t<div class=\"elementor-widget-container\">\n\t\t\t\t\t<div id=\"uid_788c9e6\" class=\"block-h heading-layout-c6\"><div class=\"heading-inner\"><h2 class=\"heading-title\"><span>GENERADOR DE REPRODUCTOR HTML5 PARA TU RADIO<\/span><\/h2><\/div><\/div>\t\t\t\t<\/div>\n\t\t\t\t<\/div>\n\t\t\t\t<div class=\"elementor-element elementor-element-274b614 elementor-widget elementor-widget-text-editor\" data-id=\"274b614\" data-element_type=\"widget\" data-widget_type=\"text-editor.default\">\n\t\t\t\t<div class=\"elementor-widget-container\">\n\t\t\t\t\t\t\t\t\t<p style=\"text-align: center;\"><strong>Haz click arriba del<\/strong> link para ir al Generador del Reproductor HTML5 que te guste!<\/p>\t\t\t\t\t\t\t\t<\/div>\n\t\t\t\t<\/div>\n\t\t\t\t<div class=\"elementor-element elementor-element-8f1946c elementor-widget elementor-widget-spacer\" data-id=\"8f1946c\" data-element_type=\"widget\" data-widget_type=\"spacer.default\">\n\t\t\t\t<div class=\"elementor-widget-container\">\n\t\t\t\t\t\t\t<div class=\"elementor-spacer\">\n\t\t\t<div class=\"elementor-spacer-inner\"><\/div>\n\t\t<\/div>\n\t\t\t\t\t\t<\/div>\n\t\t\t\t<\/div>\n\t\t\t\t\t<\/div>\n\t\t\t\t<\/div>\n\t\t<div class=\"elementor-element elementor-element-179611a e-flex e-con-boxed e-con e-parent\" data-id=\"179611a\" data-element_type=\"container\">\n\t\t\t\t\t<div class=\"e-con-inner\">\n\t\t<div class=\"elementor-element elementor-element-e16872d e-con-full e-flex e-con e-child\" data-id=\"e16872d\" data-element_type=\"container\">\n\t\t\t\t<div class=\"elementor-element elementor-element-2d408fa elementor-widget elementor-widget-foxiz-heading\" data-id=\"2d408fa\" data-element_type=\"widget\" data-widget_type=\"foxiz-heading.default\">\n\t\t\t\t<div class=\"elementor-widget-container\">\n\t\t\t\t\t<div id=\"uid_2d408fa\" class=\"block-h heading-layout-c8\"><div class=\"heading-inner\"><h2 class=\"heading-title\"><span>MODELO 1<\/span><\/h2><\/div><\/div>\t\t\t\t<\/div>\n\t\t\t\t<\/div>\n\t\t\t\t<div class=\"elementor-element elementor-element-69b4800 elementor-widget__width-initial elementor-widget elementor-widget-text-editor\" data-id=\"69b4800\" data-element_type=\"widget\" data-widget_type=\"text-editor.default\">\n\t\t\t\t<div class=\"elementor-widget-container\">\n\t\t\t\t\t\t\t\t\t<p style=\"text-align: center;\"><iframe src=\"https:\/\/extassisnetwork.com\/es-ve\/player\/Luna\/demo.html\" width=\"400px\" height=\"430\" scrolling=\"no\"> <\/iframe><\/p>\t\t\t\t\t\t\t\t<\/div>\n\t\t\t\t<\/div>\n\t\t\t\t<div class=\"elementor-element elementor-element-2684270 elementor-widget elementor-widget-spacer\" data-id=\"2684270\" data-element_type=\"widget\" data-widget_type=\"spacer.default\">\n\t\t\t\t<div class=\"elementor-widget-container\">\n\t\t\t\t\t\t\t<div class=\"elementor-spacer\">\n\t\t\t<div class=\"elementor-spacer-inner\"><\/div>\n\t\t<\/div>\n\t\t\t\t\t\t<\/div>\n\t\t\t\t<\/div>\n\t\t\t\t<div class=\"elementor-element elementor-element-f2319f5 elementor-widget elementor-widget-text-editor\" data-id=\"f2319f5\" data-element_type=\"widget\" data-widget_type=\"text-editor.default\">\n\t\t\t\t<div class=\"elementor-widget-container\">\n\t\t\t\t\t\t\t\t\t<p>Player: Reproductor HTML5\u00a0\u00a0<a title=\"GENERAR REPRODUCTOR\" href=\"https:\/\/extassisnetwork.com\/es-ve\/generador-player1\" data-wplink-edit=\"true\"><strong>GENERAR REPRODUCTOR<\/strong><\/a><\/p>\t\t\t\t\t\t\t\t<\/div>\n\t\t\t\t<\/div>\n\t\t\t\t<div class=\"elementor-element elementor-element-18907dd elementor-widget elementor-widget-text-editor\" data-id=\"18907dd\" data-element_type=\"widget\" data-widget_type=\"text-editor.default\">\n\t\t\t\t<div class=\"elementor-widget-container\">\n\t\t\t\t\t\t\t\t\tEste Reproducir se le puede ajustar el tama\u00f1o para mostrarlo en pantalla completa o con las medidas que escoja, su fondo es blanco.\t\t\t\t\t\t\t\t<\/div>\n\t\t\t\t<\/div>\n\t\t\t\t<\/div>\n\t\t<div class=\"elementor-element elementor-element-a4db5aa e-con-full e-flex e-con e-child\" data-id=\"a4db5aa\" data-element_type=\"container\">\n\t\t\t\t<div class=\"elementor-element elementor-element-00c78e3 elementor-widget elementor-widget-foxiz-heading\" data-id=\"00c78e3\" data-element_type=\"widget\" data-widget_type=\"foxiz-heading.default\">\n\t\t\t\t<div class=\"elementor-widget-container\">\n\t\t\t\t\t<div id=\"uid_00c78e3\" class=\"block-h heading-layout-c8\"><div class=\"heading-inner\"><h2 class=\"heading-title\"><span>MODELO 2<\/span><\/h2><\/div><\/div>\t\t\t\t<\/div>\n\t\t\t\t<\/div>\n\t\t\t\t<div class=\"elementor-element elementor-element-baba30e elementor-widget__width-initial elementor-widget elementor-widget-text-editor\" data-id=\"baba30e\" data-element_type=\"widget\" data-widget_type=\"text-editor.default\">\n\t\t\t\t<div class=\"elementor-widget-container\">\n\t\t\t\t\t\t\t\t\t<iframe src=\"https:\/\/extassisnetwork.com\/es-ve\/player\/Luna2\/demo.html\" width=\"430px\" height=\"430\" scrolling=\"no\"> <\/iframe>\t\t\t\t\t\t\t\t<\/div>\n\t\t\t\t<\/div>\n\t\t\t\t<div class=\"elementor-element elementor-element-d8826ab elementor-widget elementor-widget-spacer\" data-id=\"d8826ab\" data-element_type=\"widget\" data-widget_type=\"spacer.default\">\n\t\t\t\t<div class=\"elementor-widget-container\">\n\t\t\t\t\t\t\t<div class=\"elementor-spacer\">\n\t\t\t<div class=\"elementor-spacer-inner\"><\/div>\n\t\t<\/div>\n\t\t\t\t\t\t<\/div>\n\t\t\t\t<\/div>\n\t\t\t\t<div class=\"elementor-element elementor-element-c64b168 elementor-widget elementor-widget-text-editor\" data-id=\"c64b168\" data-element_type=\"widget\" data-widget_type=\"text-editor.default\">\n\t\t\t\t<div class=\"elementor-widget-container\">\n\t\t\t\t\t\t\t\t\t<p>Player: Reproductor HTML5 Modelo 2 <a title=\"GENERAR REPRODUCTOR\" href=\"https:\/\/extassisnetwork.com\/es-ve\/generador-player2\"><strong>GENERAR REPRODUCTOR<\/strong><\/a><\/p>\t\t\t\t\t\t\t\t<\/div>\n\t\t\t\t<\/div>\n\t\t\t\t<div class=\"elementor-element elementor-element-d8f283f elementor-widget elementor-widget-text-editor\" data-id=\"d8f283f\" data-element_type=\"widget\" data-widget_type=\"text-editor.default\">\n\t\t\t\t<div class=\"elementor-widget-container\">\n\t\t\t\t\t\t\t\t\tEste Reproducir se ajusta al tama\u00f1o que desees, adem\u00e1s de mostrar tu logo y lo que se reproduce, tambi\u00e9n se ve en el fondo de pantalla\t\t\t\t\t\t\t\t<\/div>\n\t\t\t\t<\/div>\n\t\t\t\t<\/div>\n\t\t\t\t\t<\/div>\n\t\t\t\t<\/div>\n\t\t<div class=\"elementor-element elementor-element-5a541a0 e-flex e-con-boxed e-con e-parent\" data-id=\"5a541a0\" data-element_type=\"container\">\n\t\t\t\t\t<div class=\"e-con-inner\">\n\t\t\t\t<div class=\"elementor-element elementor-element-e84d3ae elementor-widget elementor-widget-spacer\" data-id=\"e84d3ae\" data-element_type=\"widget\" data-widget_type=\"spacer.default\">\n\t\t\t\t<div class=\"elementor-widget-container\">\n\t\t\t\t\t\t\t<div class=\"elementor-spacer\">\n\t\t\t<div class=\"elementor-spacer-inner\"><\/div>\n\t\t<\/div>\n\t\t\t\t\t\t<\/div>\n\t\t\t\t<\/div>\n\t\t\t\t<div class=\"elementor-element elementor-element-9d63072 elementor-widget elementor-widget-foxiz-heading\" data-id=\"9d63072\" data-element_type=\"widget\" data-widget_type=\"foxiz-heading.default\">\n\t\t\t\t<div class=\"elementor-widget-container\">\n\t\t\t\t\t<div id=\"uid_9d63072\" class=\"block-h heading-layout-c8\"><div class=\"heading-inner\"><h2 class=\"heading-title\"><span>MODELO 3<\/span><\/h2><\/div><\/div>\t\t\t\t<\/div>\n\t\t\t\t<\/div>\n\t\t\t\t<div class=\"elementor-element elementor-element-27f923f elementor-widget elementor-widget-text-editor\" data-id=\"27f923f\" data-element_type=\"widget\" data-widget_type=\"text-editor.default\">\n\t\t\t\t<div class=\"elementor-widget-container\">\n\t\t\t\t\t\t\t\t\t<iframe src=\"https:\/\/extassisnetwork.com\/es-ve\/player\/Luna\/largo.html\" width=\"100%\" height=\"100px\" scrolling=\"no\"> <\/iframe>\t\t\t\t\t\t\t\t<\/div>\n\t\t\t\t<\/div>\n\t\t\t\t<div class=\"elementor-element elementor-element-0998e36 elementor-widget elementor-widget-text-editor\" data-id=\"0998e36\" data-element_type=\"widget\" data-widget_type=\"text-editor.default\">\n\t\t\t\t<div class=\"elementor-widget-container\">\n\t\t\t\t\t\t\t\t\t<p><strong>Player:<\/strong> Reproductor HTML5 Modelo 3 <a href=\"https:\/\/extassisnetwork.com\/es-ve\/generador-player3\"><strong>GENERAR REPRODUCTOR<\/strong><\/a><\/p>\t\t\t\t\t\t\t\t<\/div>\n\t\t\t\t<\/div>\n\t\t\t\t<div class=\"elementor-element elementor-element-6214d4c elementor-widget elementor-widget-text-editor\" data-id=\"6214d4c\" data-element_type=\"widget\" data-widget_type=\"text-editor.default\">\n\t\t\t\t<div class=\"elementor-widget-container\">\n\t\t\t\t\t\t\t\t\tReproductor tipo vertical, ajustable a la ventana o al tama\u00f1o que requieras.\t\t\t\t\t\t\t\t<\/div>\n\t\t\t\t<\/div>\n\t\t\t\t\t<\/div>\n\t\t\t\t<\/div>\n\t\t<div class=\"elementor-element elementor-element-54d159c e-flex e-con-boxed e-con e-parent\" data-id=\"54d159c\" data-element_type=\"container\">\n\t\t\t\t\t<div class=\"e-con-inner\">\n\t\t\t\t<div class=\"elementor-element elementor-element-9fc1ab5 elementor-widget elementor-widget-spacer\" data-id=\"9fc1ab5\" data-element_type=\"widget\" data-widget_type=\"spacer.default\">\n\t\t\t\t<div class=\"elementor-widget-container\">\n\t\t\t\t\t\t\t<div class=\"elementor-spacer\">\n\t\t\t<div class=\"elementor-spacer-inner\"><\/div>\n\t\t<\/div>\n\t\t\t\t\t\t<\/div>\n\t\t\t\t<\/div>\n\t\t\t\t<div class=\"elementor-element elementor-element-fecb6c4 elementor-widget elementor-widget-foxiz-heading\" data-id=\"fecb6c4\" data-element_type=\"widget\" data-widget_type=\"foxiz-heading.default\">\n\t\t\t\t<div class=\"elementor-widget-container\">\n\t\t\t\t\t<div id=\"uid_fecb6c4\" class=\"block-h heading-layout-c8\"><div class=\"heading-inner\"><h2 class=\"heading-title\"><span>MODELO 4<\/span><\/h2><\/div><\/div>\t\t\t\t<\/div>\n\t\t\t\t<\/div>\n\t\t\t\t<div class=\"elementor-element elementor-element-65973bf elementor-widget elementor-widget-text-editor\" data-id=\"65973bf\" data-element_type=\"widget\" data-widget_type=\"text-editor.default\">\n\t\t\t\t<div class=\"elementor-widget-container\">\n\t\t\t\t\t\t\t\t\t<iframe src=\"https:\/\/extassisnetwork.com\/es-ve\/player\/MyCast\/demo.html\" width=\"100\" height=\"128\" scrolling=\"no\"> <\/iframe>\t\t\t\t\t\t\t\t<\/div>\n\t\t\t\t<\/div>\n\t\t\t\t<div class=\"elementor-element elementor-element-e7d99b0 elementor-widget elementor-widget-text-editor\" data-id=\"e7d99b0\" data-element_type=\"widget\" data-widget_type=\"text-editor.default\">\n\t\t\t\t<div class=\"elementor-widget-container\">\n\t\t\t\t\t\t\t\t\t<p><strong>Player:<\/strong> Reproductor HTML5 Modelo\u00a0 4 <a href=\"https:\/\/extassisnetwork.com\/es-ve\/generador-player4\"><strong>GENERAR REPRODUCTOR<\/strong><\/a><\/p>\t\t\t\t\t\t\t\t<\/div>\n\t\t\t\t<\/div>\n\t\t\t\t\t<\/div>\n\t\t\t\t<\/div>\n\t\t<div class=\"elementor-element elementor-element-4699ef4 e-flex e-con-boxed e-con e-parent\" data-id=\"4699ef4\" data-element_type=\"container\">\n\t\t\t\t\t<div class=\"e-con-inner\">\n\t\t\t\t<div class=\"elementor-element elementor-element-49c0db0 elementor-widget elementor-widget-spacer\" data-id=\"49c0db0\" data-element_type=\"widget\" data-widget_type=\"spacer.default\">\n\t\t\t\t<div class=\"elementor-widget-container\">\n\t\t\t\t\t\t\t<div class=\"elementor-spacer\">\n\t\t\t<div class=\"elementor-spacer-inner\"><\/div>\n\t\t<\/div>\n\t\t\t\t\t\t<\/div>\n\t\t\t\t<\/div>\n\t\t\t\t<div class=\"elementor-element elementor-element-7d390e5 elementor-widget elementor-widget-text-editor\" data-id=\"7d390e5\" data-element_type=\"widget\" data-widget_type=\"text-editor.default\">\n\t\t\t\t<div class=\"elementor-widget-container\">\n\t\t\t\t\t\t\t\t\t<p><span style=\"color: #8454ff;\">\u00bfDeseas revender nuestros servicios de Audio Streaming? mira nuestros planes de <a style=\"color: #8454ff;\" title=\"Streaming Reseller\" href=\"\/streaming-reseller\/\"><b>Streaming Reseller<\/b><\/a><\/span><\/p>\t\t\t\t\t\t\t\t<\/div>\n\t\t\t\t<\/div>\n\t\t\t\t<div class=\"elementor-element elementor-element-1b99b7b elementor-widget elementor-widget-spacer\" data-id=\"1b99b7b\" data-element_type=\"widget\" data-widget_type=\"spacer.default\">\n\t\t\t\t<div class=\"elementor-widget-container\">\n\t\t\t\t\t\t\t<div class=\"elementor-spacer\">\n\t\t\t<div class=\"elementor-spacer-inner\"><\/div>\n\t\t<\/div>\n\t\t\t\t\t\t<\/div>\n\t\t\t\t<\/div>\n\t\t\t\t<div class=\"elementor-element elementor-element-a6738ea elementor-widget elementor-widget-heading\" data-id=\"a6738ea\" data-element_type=\"widget\" data-widget_type=\"heading.default\">\n\t\t\t\t<div class=\"elementor-widget-container\">\n\t\t\t\t\t<h2 class=\"elementor-heading-title elementor-size-default\">Llevamos<\/h2>\t\t\t\t<\/div>\n\t\t\t\t<\/div>\n\t\t\t\t<div class=\"elementor-element elementor-element-e892938 elementor-widget elementor-widget-heading\" data-id=\"e892938\" data-element_type=\"widget\" data-widget_type=\"heading.default\">\n\t\t\t\t<div class=\"elementor-widget-container\">\n\t\t\t\t\t<h2 class=\"elementor-heading-title elementor-size-default\">    <p> 17 a\u00f1os, 11 meses, 9 d\u00edas.<\/p>\r\n    <\/h2>\t\t\t\t<\/div>\n\t\t\t\t<\/div>\n\t\t\t\t<div class=\"elementor-element elementor-element-abb614a elementor-widget elementor-widget-heading\" data-id=\"abb614a\" data-element_type=\"widget\" data-widget_type=\"heading.default\">\n\t\t\t\t<div class=\"elementor-widget-container\">\n\t\t\t\t\t<h2 class=\"elementor-heading-title elementor-size-default\">    <div class=\"tiempo-transcurrido\">\r\n        <p><span id=\"horas\">-<\/span> horas, <span id=\"minutos\">-<\/span> minutos y <span id=\"segundos\">-<\/span> segundos<\/p>\r\n    <\/div>\r\n\r\n    <script>\r\n    \/\/ Funci\u00f3n para actualizar el tiempo cada segundo\r\n    function actualizarTiempo() {\r\n        fetch('https:\/\/extassisnetwork.com\/es-ve\/wp-admin\/admin-ajax.php?action=calcular_tiempo_desde_inicio')\r\n            .then(response => response.json())\r\n            .then(data => {\r\n                document.getElementById('horas').textContent = data.horas.toLocaleString(); \/\/ Mostrar horas con separadores de miles\r\n                document.getElementById('minutos').textContent = data.minutos;\r\n                document.getElementById('segundos').textContent = data.segundos;\r\n            });\r\n    }\r\n\r\n    \/\/ Actualizar cada segundo\r\n    setInterval(actualizarTiempo, 1000);\r\n    <\/script>\r\n    <\/h2>\t\t\t\t<\/div>\n\t\t\t\t<\/div>\n\t\t\t\t<div class=\"elementor-element elementor-element-392cefb elementor-widget elementor-widget-heading\" data-id=\"392cefb\" data-element_type=\"widget\" data-widget_type=\"heading.default\">\n\t\t\t\t<div class=\"elementor-widget-container\">\n\t\t\t\t\t<h2 class=\"elementor-heading-title elementor-size-default\">Emitiendo la se\u00f1al de Radio de nuestros Clientes en HD, a trav\u00e9s de nuestro Audio Streaming <\/h2>\t\t\t\t<\/div>\n\t\t\t\t<\/div>\n\t\t\t\t<div class=\"elementor-element elementor-element-6726b86 elementor-widget elementor-widget-spacer\" data-id=\"6726b86\" data-element_type=\"widget\" data-widget_type=\"spacer.default\">\n\t\t\t\t<div class=\"elementor-widget-container\">\n\t\t\t\t\t\t\t<div class=\"elementor-spacer\">\n\t\t\t<div class=\"elementor-spacer-inner\"><\/div>\n\t\t<\/div>\n\t\t\t\t\t\t<\/div>\n\t\t\t\t<\/div>\n\t\t\t\t<div class=\"elementor-element elementor-element-5ed9521 elementor-widget elementor-widget-spacer\" data-id=\"5ed9521\" data-element_type=\"widget\" data-widget_type=\"spacer.default\">\n\t\t\t\t<div class=\"elementor-widget-container\">\n\t\t\t\t\t\t\t<div class=\"elementor-spacer\">\n\t\t\t<div class=\"elementor-spacer-inner\"><\/div>\n\t\t<\/div>\n\t\t\t\t\t\t<\/div>\n\t\t\t\t<\/div>\n\t\t\t\t\t<\/div>\n\t\t\t\t<\/div>\n\t\t<div class=\"elementor-element elementor-element-f668eea e-flex e-con-boxed e-con e-parent\" data-id=\"f668eea\" data-element_type=\"container\" data-settings=\"{&quot;background_background&quot;:&quot;classic&quot;}\">\n\t\t\t\t\t<div class=\"e-con-inner\">\n\t\t\t\t<div class=\"elementor-element elementor-element-a18e5c7 elementor-widget elementor-widget-heading\" data-id=\"a18e5c7\" data-element_type=\"widget\" data-widget_type=\"heading.default\">\n\t\t\t\t<div class=\"elementor-widget-container\">\n\t\t\t\t\t<h2 class=\"elementor-heading-title elementor-size-default\"><b>PRUEBA <\/b>NUESTRO SERVICIO DE <b>STREAMING HD POR 7 D\u00cdAS<\/b><\/h2>\t\t\t\t<\/div>\n\t\t\t\t<\/div>\n\t\t\t\t<div class=\"elementor-element elementor-element-ad42018 elementor-widget elementor-widget-text-editor\" data-id=\"ad42018\" data-element_type=\"widget\" data-widget_type=\"text-editor.default\">\n\t\t\t\t<div class=\"elementor-widget-container\">\n\t\t\t\t\t\t\t\t\tSin contratos ni compromisos, si le gusta lo compra !\t\t\t\t\t\t\t\t<\/div>\n\t\t\t\t<\/div>\n\t\t\t\t<div class=\"elementor-element elementor-element-e71efe7 elementor-align-center elementor-widget elementor-widget-button\" data-id=\"e71efe7\" data-element_type=\"widget\" data-widget_type=\"button.default\">\n\t\t\t\t<div class=\"elementor-widget-container\">\n\t\t\t\t\t\t\t\t\t<div class=\"elementor-button-wrapper\">\n\t\t\t\t\t<a class=\"elementor-button elementor-button-link elementor-size-sm\" href=\"https:\/\/portal.extassisnetwork.com\/index.php?rp=\/store\/streaming-hd\/streaming-hd-ver-demostracion&#038;currency=1\">\n\t\t\t\t\t\t<span class=\"elementor-button-content-wrapper\">\n\t\t\t\t\t\t\t\t\t<span class=\"elementor-button-text\">Solicitar Prueba<\/span>\n\t\t\t\t\t<\/span>\n\t\t\t\t\t<\/a>\n\t\t\t\t<\/div>\n\t\t\t\t\t\t\t\t<\/div>\n\t\t\t\t<\/div>\n\t\t\t\t\t<\/div>\n\t\t\t\t<\/div>\n\t\t\t\t<\/div>\n\t\t","protected":false},"excerpt":{"rendered":"<p>GENERADOR REPRODUCTORES HTML5 PARA SHOUTCAST \/ ICECAST, MP3 Y AAC Reproductor de Audio Streaming para Radios AM, FM y Radios OnLine HTML5 AUDIO PLAYER Generador Player HTML5 para ShoutCast, IceCast, MP3 \u2013 AAC \u2013 ACCv2, OGG GENERADOR DE REPRODUCTOR HTML5 PARA TU RADIO Haz click arriba del link para ir al Generador del Reproductor HTML5 [&hellip;]<\/p>\n","protected":false},"author":1,"featured_media":4371,"parent":0,"menu_order":0,"comment_status":"closed","ping_status":"closed","template":"","meta":{"footnotes":""},"class_list":["post-4520","page","type-page","status-publish","has-post-thumbnail"],"_links":{"self":[{"href":"https:\/\/extassisnetwork.com\/es-ve\/wp-json\/wp\/v2\/pages\/4520","targetHints":{"allow":["GET"]}}],"collection":[{"href":"https:\/\/extassisnetwork.com\/es-ve\/wp-json\/wp\/v2\/pages"}],"about":[{"href":"https:\/\/extassisnetwork.com\/es-ve\/wp-json\/wp\/v2\/types\/page"}],"author":[{"embeddable":true,"href":"https:\/\/extassisnetwork.com\/es-ve\/wp-json\/wp\/v2\/users\/1"}],"replies":[{"embeddable":true,"href":"https:\/\/extassisnetwork.com\/es-ve\/wp-json\/wp\/v2\/comments?post=4520"}],"version-history":[{"count":13,"href":"https:\/\/extassisnetwork.com\/es-ve\/wp-json\/wp\/v2\/pages\/4520\/revisions"}],"predecessor-version":[{"id":6173,"href":"https:\/\/extassisnetwork.com\/es-ve\/wp-json\/wp\/v2\/pages\/4520\/revisions\/6173"}],"wp:featuredmedia":[{"embeddable":true,"href":"https:\/\/extassisnetwork.com\/es-ve\/wp-json\/wp\/v2\/media\/4371"}],"wp:attachment":[{"href":"https:\/\/extassisnetwork.com\/es-ve\/wp-json\/wp\/v2\/media?parent=4520"}],"curies":[{"name":"wp","href":"https:\/\/api.w.org\/{rel}","templated":true}]}}