{"id":4157,"date":"2024-06-19T19:12:10","date_gmt":"2024-06-19T19:12:10","guid":{"rendered":"https:\/\/extassisnetwork.com\/es-ve\/?page_id=4157"},"modified":"2025-11-11T03:43:23","modified_gmt":"2025-11-11T07:43:23","slug":"privacidad","status":"publish","type":"page","link":"https:\/\/extassisnetwork.com\/es-ve\/privacidad\/","title":{"rendered":"POL\u00cdTICA DE PRIVACIDAD"},"content":{"rendered":"\t\t<div data-elementor-type=\"wp-page\" data-elementor-id=\"4157\" class=\"elementor elementor-4157\" data-elementor-post-type=\"page\">\n\t\t\t\t<div class=\"elementor-element elementor-element-f3c430b e-flex e-con-boxed e-con e-parent\" data-id=\"f3c430b\" data-element_type=\"container\" data-settings=\"{&quot;background_background&quot;:&quot;classic&quot;}\">\n\t\t\t\t\t<div class=\"e-con-inner\">\n\t\t\t\t<div class=\"elementor-element elementor-element-8c43ca2 elementor-widget elementor-widget-heading\" data-id=\"8c43ca2\" data-element_type=\"widget\" data-widget_type=\"heading.default\">\n\t\t\t\t<div class=\"elementor-widget-container\">\n\t\t\t\t\t<h2 class=\"elementor-heading-title elementor-size-default\">POL\u00cdTICA DE PRIVACIDAD<\/h2>\t\t\t\t<\/div>\n\t\t\t\t<\/div>\n\t\t\t\t<div class=\"elementor-element elementor-element-2269444 elementor-widget elementor-widget-text-editor\" data-id=\"2269444\" data-element_type=\"widget\" data-widget_type=\"text-editor.default\">\n\t\t\t\t<div class=\"elementor-widget-container\">\n\t\t\t\t\t\t\t\t\tPOL\u00cdTICA DE PRIVACIDAD\t\t\t\t\t\t\t\t<\/div>\n\t\t\t\t<\/div>\n\t\t\t\t\t<\/div>\n\t\t\t\t<\/div>\n\t\t<div class=\"elementor-element elementor-element-adc1e04 e-flex e-con-boxed e-con e-parent\" data-id=\"adc1e04\" data-element_type=\"container\">\n\t\t\t\t\t<div class=\"e-con-inner\">\n\t\t\t\t<div class=\"elementor-element elementor-element-8e0e61f elementor-widget elementor-widget-spacer\" data-id=\"8e0e61f\" data-element_type=\"widget\" data-widget_type=\"spacer.default\">\n\t\t\t\t<div class=\"elementor-widget-container\">\n\t\t\t\t\t\t\t<div class=\"elementor-spacer\">\n\t\t\t<div class=\"elementor-spacer-inner\"><\/div>\n\t\t<\/div>\n\t\t\t\t\t\t<\/div>\n\t\t\t\t<\/div>\n\t\t\t\t<div class=\"elementor-element elementor-element-8e5a6a9 elementor-widget elementor-widget-text-editor\" data-id=\"8e5a6a9\" data-element_type=\"widget\" data-widget_type=\"text-editor.default\">\n\t\t\t\t<div class=\"elementor-widget-container\">\n\t\t\t\t\t\t\t\t\t<p><strong>EXTASSIS NETwork C.A<\/strong>., referida en este documento como \u00ab<b>EXTASSIS NETwork<\/b>\u00ab, valora y respeta la privacidad de sus clientes y visitantes, comprometi\u00e9ndose a proteger la informaci\u00f3n personal proporcionada. Esta pol\u00edtica de privacidad se aplica al sitio extassisnetwork.com y todos sus subdominios. No recopilamos informaci\u00f3n personal identificable sobre usted a menos que usted elija proporcion\u00e1rnosla, como se describe espec\u00edficamente en esta pol\u00edtica.<\/p>\n<p>Esta pol\u00edtica est\u00e1 sujeta a nuestros <a href=\"https:\/\/extassisnetwork.com\/es-ve\/terminos\/\">T\u00e9rminos de Servicio<\/a> (TDS), que se encuentran disponibles en nuestras condiciones de servicio.<\/p>\n<p>EXTASSIS NETwork no vende, alquila ni comercia con su informaci\u00f3n personal a ninguna otra organizaci\u00f3n o terceros. Nuestra pol\u00edtica describe los principios generales para la recopilaci\u00f3n y uso de informaci\u00f3n de clientes y visitantes en nuestros sitios web. Queremos asegurarnos de que comprenda c\u00f3mo utilizaremos la informaci\u00f3n que nos proporcione. Le recomendamos leer esta pol\u00edtica para entender completamente sus derechos.<\/p>\n<p>Para los visitantes, hemos dise\u00f1ado nuestros sitios web de manera que, en general, pueda visitarnos sin necesidad de identificarse ni revelar informaci\u00f3n personal.<\/p>\n<p>Para clientes y socios potenciales y existentes, una vez que decida proporcionarnos informaci\u00f3n personal identificable, puede estar seguro de que esta solo se utilizar\u00e1 para mantener su relaci\u00f3n con EXTASSIS NETwork.<\/p>\n<p>EXTASSIS NETwork implementa medidas de seguridad para prevenir la p\u00e9rdida, el mal uso y la alteraci\u00f3n de la informaci\u00f3n bajo nuestro control. Al realizar un pedido en l\u00ednea, como la informaci\u00f3n de su tarjeta de cr\u00e9dito, se protege mediante Secure Socket Layer (SSL), que encripta los datos enviados para proteger la informaci\u00f3n personal como nombres y direcciones.<\/p>\n<p>No vendemos productos ni servicios a menores de edad. Los clientes deben tener al menos 18 a\u00f1os. Cualquier persona menor de 18 a\u00f1os (un \u00abMenor\u00bb) debe contar con el consentimiento de un representante o tutor y aceptar los <a href=\"https:\/\/extassisnetwork.com\/es-ve\/terminos\/\">T\u00e9rminos de Servicio<\/a> para convertirse en cliente. Si es menor de 18 a\u00f1os, le recomendamos utilizar nuestro sitio web con la participaci\u00f3n de un representante o tutor.<\/p>\n<p>EXTASSIS NETwork se reserva el derecho de modificar esta pol\u00edtica mediante la publicaci\u00f3n de tales modificaciones en nuestro sitio. Le animamos a revisar peri\u00f3dicamente nuestro sitio para estar informado sobre los cambios en esta pol\u00edtica, ya que su uso continuado del sitio despu\u00e9s de cualquier modificaci\u00f3n se considerar\u00e1 como su aceptaci\u00f3n de dichos cambios. La versi\u00f3n operativa y efectiva de esta pol\u00edtica ser\u00e1 la \u00faltima versi\u00f3n disponible en el sitio.<\/p>\n<p>Si tiene alguna pregunta o duda sobre esta pol\u00edtica, no dude en ponerse en <a href=\"https:\/\/portal.extassisnetwork.com\/es-ve\/submitticket.php\">contacto <\/a>con nosotros por correo electr\u00f3nico.<\/p>\t\t\t\t\t\t\t\t<\/div>\n\t\t\t\t<\/div>\n\t\t\t\t\t<\/div>\n\t\t\t\t<\/div>\n\t\t\t\t<\/div>\n\t\t","protected":false},"excerpt":{"rendered":"<p>POL\u00cdTICA DE PRIVACIDAD POL\u00cdTICA DE PRIVACIDAD EXTASSIS NETwork C.A., referida en este documento como \u00abEXTASSIS NETwork\u00ab, valora y respeta la privacidad de sus clientes y visitantes, comprometi\u00e9ndose a proteger la informaci\u00f3n personal proporcionada. Esta pol\u00edtica de privacidad se aplica al sitio extassisnetwork.com y todos sus subdominios. No recopilamos informaci\u00f3n personal identificable sobre usted a menos [&hellip;]<\/p>\n","protected":false},"author":1,"featured_media":0,"parent":0,"menu_order":0,"comment_status":"closed","ping_status":"closed","template":"","meta":{"footnotes":""},"class_list":["post-4157","page","type-page","status-publish"],"_links":{"self":[{"href":"https:\/\/extassisnetwork.com\/es-ve\/wp-json\/wp\/v2\/pages\/4157","targetHints":{"allow":["GET"]}}],"collection":[{"href":"https:\/\/extassisnetwork.com\/es-ve\/wp-json\/wp\/v2\/pages"}],"about":[{"href":"https:\/\/extassisnetwork.com\/es-ve\/wp-json\/wp\/v2\/types\/page"}],"author":[{"embeddable":true,"href":"https:\/\/extassisnetwork.com\/es-ve\/wp-json\/wp\/v2\/users\/1"}],"replies":[{"embeddable":true,"href":"https:\/\/extassisnetwork.com\/es-ve\/wp-json\/wp\/v2\/comments?post=4157"}],"version-history":[{"count":1,"href":"https:\/\/extassisnetwork.com\/es-ve\/wp-json\/wp\/v2\/pages\/4157\/revisions"}],"predecessor-version":[{"id":7420,"href":"https:\/\/extassisnetwork.com\/es-ve\/wp-json\/wp\/v2\/pages\/4157\/revisions\/7420"}],"wp:attachment":[{"href":"https:\/\/extassisnetwork.com\/es-ve\/wp-json\/wp\/v2\/media?parent=4157"}],"curies":[{"name":"wp","href":"https:\/\/api.w.org\/{rel}","templated":true}]}}